{"id":135,"date":"2025-04-25T16:46:16","date_gmt":"2025-04-25T16:46:16","guid":{"rendered":"https:\/\/www.kalfyn.com\/?page_id=135"},"modified":"2026-03-24T19:21:00","modified_gmt":"2026-03-24T19:21:00","slug":"politica-de-privacidad","status":"publish","type":"page","link":"https:\/\/www.kalfyn.com\/index.php\/politica-de-privacidad\/","title":{"rendered":"Pol\u00edtica de privacidad"},"content":{"rendered":"\n<section id=\"politica-privacidad\">\n  <div class=\"contenedor\">\n    <h1>Pol\u00edtica de Privacidad<\/h1>\n\n    <p>\n      En cumplimiento de lo dispuesto en el Reglamento (UE) 2016\/679 del Parlamento Europeo y del Consejo, de 27 de abril de 2016 (RGPD), y en la Ley Org\u00e1nica 3\/2018 de Protecci\u00f3n de Datos Personales y garant\u00eda de los derechos digitales (LOPDGDD), se informa al usuario que los datos personales que facilite a trav\u00e9s de este sitio web ser\u00e1n tratados bajo la responsabilidad de <strong>KALFYN S.C.P<\/strong>.\n    <\/p>\n\n    <h2>1. Responsable del tratamiento<\/h2>\n    <p>\n      <strong>Raz\u00f3n social:<\/strong> KALFYN S.C.P<br>\n      <strong>Direcci\u00f3n:<\/strong>Carrer Prat de la Riba 4-B 08271 Pol. Industrial Santa Maria D\u00b4Art\u00e9s (Barcelona)Espa\u00f1a<br>\n      <strong>Email:<\/strong> kalfyn@kalfyn.com<br>\n      <strong>Tel\u00e9fono:<\/strong> 938310150\n    <\/p>\n\n    <h2>2. Finalidad del tratamiento<\/h2>\n    <p>Los datos personales que se recogen a trav\u00e9s del formulario de contacto o mediante correo electr\u00f3nico ser\u00e1n utilizados con las siguientes finalidades:<\/p>\n    <ul>\n      <li>Responder a consultas o solicitudes de informaci\u00f3n.<\/li>\n      <li>Gesti\u00f3n comercial y administrativa con el cliente.<\/li>\n      <li>Enviar comunicaciones relacionadas con nuestros servicios, si se ha otorgado el consentimiento.<\/li>\n    <\/ul>\n\n    <h2>3. Conservaci\u00f3n de los datos<\/h2>\n    <p>\n      Los datos personales se conservar\u00e1n mientras exista una relaci\u00f3n comercial o contractual con el usuario, y posteriormente durante el plazo legalmente exigido por normativa fiscal, mercantil o de protecci\u00f3n de datos.\n    <\/p>\n\n    <h2>4. Legitimaci\u00f3n<\/h2>\n    <p>\n      La base legal para el tratamiento de los datos es el consentimiento del usuario al rellenar voluntariamente los formularios de contacto, as\u00ed como el inter\u00e9s leg\u00edtimo en mantener la relaci\u00f3n comercial.\n    <\/p>\n\n    <h2>5. Destinatarios<\/h2>\n    <p>\n      Los datos no se ceder\u00e1n a terceros, salvo obligaci\u00f3n legal. No se realizar\u00e1n transferencias internacionales de datos.\n    <\/p>\n\n    <h2>6. Derechos del usuario<\/h2>\n    <p>\n      El usuario tiene derecho a acceder, rectificar, suprimir, limitar, oponerse al tratamiento y solicitar la portabilidad de sus datos. Tambi\u00e9n puede retirar el consentimiento en cualquier momento. Para ejercer estos derechos, puede enviar una solicitud escrita, junto con una copia de su documento de identidad, al email indicado anteriormente.\n    <\/p>\n\n    <h2>7. Seguridad de los datos<\/h2>\n    <p>\n      KALFYN S.C.P aplica las medidas de seguridad t\u00e9cnicas y organizativas necesarias para garantizar la protecci\u00f3n de los datos personales y evitar su p\u00e9rdida, mal uso, acceso no autorizado o alteraci\u00f3n.\n    <\/p>\n\n    <h2>8. Cambios en esta pol\u00edtica<\/h2>\n    <p>\n      KALFYN S.C.P se reserva el derecho a modificar la presente Pol\u00edtica de Privacidad para adaptarla a cambios legislativos o jurisprudenciales. Se recomienda revisar esta pol\u00edtica peri\u00f3dicamente.\n    <\/p>\n  <\/div>\n<\/section>\n","protected":false},"excerpt":{"rendered":"<p>Pol\u00edtica de Privacidad En cumplimiento de lo dispuesto en el Reglamento (UE) 2016\/679 del Parlamento Europeo y del Consejo, de 27 de abril de 2016 (RGPD), y en la Ley Org\u00e1nica 3\/2018 de Protecci\u00f3n de Datos Personales y garant\u00eda de los derechos digitales (LOPDGDD), se informa al usuario que los datos personales que facilite a&#8230;<\/p>\n","protected":false},"author":1,"featured_media":0,"parent":0,"menu_order":0,"comment_status":"closed","ping_status":"closed","template":"","meta":{"_kad_post_transparent":"","_kad_post_title":"","_kad_post_layout":"","_kad_post_sidebar_id":"","_kad_post_content_style":"","_kad_post_vertical_padding":"","_kad_post_feature":"","_kad_post_feature_position":"","_kad_post_header":false,"_kad_post_footer":false,"_kad_post_classname":"","footnotes":""},"class_list":["post-135","page","type-page","status-publish","hentry"],"_links":{"self":[{"href":"https:\/\/www.kalfyn.com\/index.php\/wp-json\/wp\/v2\/pages\/135","targetHints":{"allow":["GET"]}}],"collection":[{"href":"https:\/\/www.kalfyn.com\/index.php\/wp-json\/wp\/v2\/pages"}],"about":[{"href":"https:\/\/www.kalfyn.com\/index.php\/wp-json\/wp\/v2\/types\/page"}],"author":[{"embeddable":true,"href":"https:\/\/www.kalfyn.com\/index.php\/wp-json\/wp\/v2\/users\/1"}],"replies":[{"embeddable":true,"href":"https:\/\/www.kalfyn.com\/index.php\/wp-json\/wp\/v2\/comments?post=135"}],"version-history":[{"count":4,"href":"https:\/\/www.kalfyn.com\/index.php\/wp-json\/wp\/v2\/pages\/135\/revisions"}],"predecessor-version":[{"id":196,"href":"https:\/\/www.kalfyn.com\/index.php\/wp-json\/wp\/v2\/pages\/135\/revisions\/196"}],"wp:attachment":[{"href":"https:\/\/www.kalfyn.com\/index.php\/wp-json\/wp\/v2\/media?parent=135"}],"curies":[{"name":"wp","href":"https:\/\/api.w.org\/{rel}","templated":true}]}}