{"id":101,"date":"2025-04-25T15:56:01","date_gmt":"2025-04-25T15:56:01","guid":{"rendered":"https:\/\/www.kalfyn.com\/?page_id=101"},"modified":"2026-03-24T19:16:45","modified_gmt":"2026-03-24T19:16:45","slug":"nosotros","status":"publish","type":"page","link":"https:\/\/www.kalfyn.com\/index.php\/nosotros\/","title":{"rendered":"Nosotros"},"content":{"rendered":"\n<section id=\"nosotros\">\n  <div class=\"contenedor\">\n    <h1>Qui\u00e9nes Somos<\/h1>\n    <p>\n      En <strong>KALFYN<\/strong>, somos una empresa metal\u00fargica con sede en <strong>Art\u00e9s, Barcelona<\/strong>, especializada en <strong>planchister\u00eda industrial<\/strong> de precisi\u00f3n. Desde 2012, acompa\u00f1amos a nuestros clientes en todo el proceso productivo: desde el dise\u00f1o t\u00e9cnico hasta la fabricaci\u00f3n, el tratamiento de superficies y el montaje final del producto.\n    <\/p>\n    \n    <p>\n      Trabajamos con sectores exigentes como el <strong>alimentario<\/strong>, <strong>farmac\u00e9utico<\/strong>, <strong>automoci\u00f3n<\/strong> y <strong>textil<\/strong>, ofreciendo soluciones a medida en <strong>estructuras met\u00e1licas, chasis, carenados y piezas personalizadas<\/strong>. Nuestro compromiso con la calidad, la innovaci\u00f3n y la puntualidad nos ha consolidado como un referente en el sector industrial del metal en Catalu\u00f1a.\n    <\/p>\n\n    <p>\n      Apostamos por la tecnolog\u00eda, la mejora continua y el trato directo con el cliente. Cada proyecto en KALFYN est\u00e1 respaldado por un equipo t\u00e9cnico experto, maquinaria de alta precisi\u00f3n y un control de calidad exhaustivo en cada etapa del proceso.\n    <\/p>\n\n    <p>\n      Porque <strong>\u201c el metal cobra sentido cuando cada forma tiene un prop\u00f3sito\u201d<\/strong>. Ese es nuestro enfoque: dar forma a tus ideas con eficiencia, solidez y visi\u00f3n de futuro.\n    <\/p>\n  <\/div>\n<\/section>\n","protected":false},"excerpt":{"rendered":"<p>Qui\u00e9nes Somos En KALFYN, somos una empresa metal\u00fargica con sede en Art\u00e9s, Barcelona, especializada en planchister\u00eda industrial de precisi\u00f3n. Desde 2012, acompa\u00f1amos a nuestros clientes en todo el proceso productivo: desde el dise\u00f1o t\u00e9cnico hasta la fabricaci\u00f3n, el tratamiento de superficies y el montaje final del producto. Trabajamos con sectores exigentes como el alimentario, farmac\u00e9utico,&#8230;<\/p>\n","protected":false},"author":1,"featured_media":0,"parent":0,"menu_order":0,"comment_status":"closed","ping_status":"closed","template":"","meta":{"_kad_post_transparent":"","_kad_post_title":"","_kad_post_layout":"","_kad_post_sidebar_id":"","_kad_post_content_style":"","_kad_post_vertical_padding":"","_kad_post_feature":"","_kad_post_feature_position":"","_kad_post_header":false,"_kad_post_footer":false,"_kad_post_classname":"","footnotes":""},"class_list":["post-101","page","type-page","status-publish","hentry"],"_links":{"self":[{"href":"https:\/\/www.kalfyn.com\/index.php\/wp-json\/wp\/v2\/pages\/101","targetHints":{"allow":["GET"]}}],"collection":[{"href":"https:\/\/www.kalfyn.com\/index.php\/wp-json\/wp\/v2\/pages"}],"about":[{"href":"https:\/\/www.kalfyn.com\/index.php\/wp-json\/wp\/v2\/types\/page"}],"author":[{"embeddable":true,"href":"https:\/\/www.kalfyn.com\/index.php\/wp-json\/wp\/v2\/users\/1"}],"replies":[{"embeddable":true,"href":"https:\/\/www.kalfyn.com\/index.php\/wp-json\/wp\/v2\/comments?post=101"}],"version-history":[{"count":5,"href":"https:\/\/www.kalfyn.com\/index.php\/wp-json\/wp\/v2\/pages\/101\/revisions"}],"predecessor-version":[{"id":194,"href":"https:\/\/www.kalfyn.com\/index.php\/wp-json\/wp\/v2\/pages\/101\/revisions\/194"}],"wp:attachment":[{"href":"https:\/\/www.kalfyn.com\/index.php\/wp-json\/wp\/v2\/media?parent=101"}],"curies":[{"name":"wp","href":"https:\/\/api.w.org\/{rel}","templated":true}]}}